{"id":15646,"date":"2024-04-25T11:52:09","date_gmt":"2024-04-25T09:52:09","guid":{"rendered":"https:\/\/mycokingdom.ovh\/nguoi-danh-gia-mycoevaluator\/"},"modified":"2024-10-22T14:46:25","modified_gmt":"2024-10-22T12:46:25","slug":"nguoi-danh-gia-mycoevaluator","status":"publish","type":"page","link":"https:\/\/mycokingdom.net\/vi\/nguoi-danh-gia-mycoevaluator\/","title":{"rendered":"Ng\u01b0\u1eddi \u0111\u00e1nh gi\u00e1 Myco&#8217;Evaluator"},"content":{"rendered":"[vc_row type=&#8221;in_container&#8221; full_screen_row_position=&#8221;middle&#8221; column_margin=&#8221;none&#8221; equal_height=&#8221;yes&#8221; content_placement=&#8221;middle&#8221; column_direction=&#8221;default&#8221; column_direction_tablet=&#8221;default&#8221; column_direction_phone=&#8221;default&#8221; scene_position=&#8221;center&#8221; top_padding=&#8221;0&#8243; bottom_padding=&#8221;0&#8243; left_padding_tablet=&#8221;100&#8243; right_padding_tablet=&#8221;100&#8243; left_padding_phone=&#8221;0&#8243; right_padding_phone=&#8221;0&#8243; text_color=&#8221;dark&#8221; text_align=&#8221;left&#8221; row_border_radius=&#8221;none&#8221; row_border_radius_applies=&#8221;bg&#8221; overflow=&#8221;hidden&#8221; overlay_strength=&#8221;0.3&#8243; gradient_direction=&#8221;left_to_right&#8221; shape_divider_position=&#8221;bottom&#8221; bg_image_animation=&#8221;none&#8221; gradient_type=&#8221;default&#8221; shape_type=&#8221;&#8221;][vc_column constrain_group_101=&#8221;yes&#8221; column_element_direction_desktop=&#8221;default&#8221; column_element_spacing=&#8221;default&#8221; desktop_text_alignment=&#8221;default&#8221; tablet_text_alignment=&#8221;default&#8221; phone_text_alignment=&#8221;default&#8221; background_color_opacity=&#8221;1&#8243; background_hover_color_opacity=&#8221;1&#8243; column_backdrop_filter=&#8221;none&#8221; column_shadow=&#8221;none&#8221; column_border_radius=&#8221;none&#8221; column_link_target=&#8221;_self&#8221; column_position=&#8221;default&#8221; advanced_gradient_angle=&#8221;0&#8243; gradient_direction=&#8221;left_to_right&#8221; overlay_strength=&#8221;0.8&#8243; width=&#8221;3\/4&#8243; tablet_width_inherit=&#8221;default&#8221; animation_type=&#8221;default&#8221; bg_image_animation=&#8221;none&#8221; border_type=&#8221;simple&#8221; column_border_width=&#8221;none&#8221; column_border_style=&#8221;solid&#8221; gradient_type=&#8221;default&#8221; column_padding_type=&#8221;advanced&#8221;][image_with_animation image_url=&#8221;14175&#8243; image_size=&#8221;full&#8221; animation_type=&#8221;entrance&#8221; animation=&#8221;slide-up&#8221; disable_mobile_animation=&#8221;true&#8221; animation_easing=&#8221;easeInOutCubic&#8221; animation_movement_type=&#8221;transform_y&#8221; hover_animation=&#8221;none&#8221; alignment=&#8221;center&#8221; border_radius=&#8221;none&#8221; box_shadow=&#8221;none&#8221; image_loading=&#8221;skip-lazy-load&#8221; max_width=&#8221;100%&#8221; max_width_mobile=&#8221;default&#8221;][\/vc_column][vc_column left_padding_desktop=&#8221;20&#8243; right_padding_desktop=&#8221;20&#8243; top_padding_tablet=&#8221;30&#8243; left_padding_tablet=&#8221;7vw&#8221; constrain_group_103=&#8221;yes&#8221; right_padding_tablet=&#8221;7vw&#8221; column_element_direction_desktop=&#8221;default&#8221; column_element_spacing=&#8221;0px&#8221; desktop_text_alignment=&#8221;center&#8221; tablet_text_alignment=&#8221;default&#8221; phone_text_alignment=&#8221;default&#8221; background_color_opacity=&#8221;1&#8243; background_hover_color_opacity=&#8221;1&#8243; column_backdrop_filter=&#8221;none&#8221; column_shadow=&#8221;none&#8221; column_border_radius=&#8221;none&#8221; column_link_target=&#8221;_self&#8221; column_position=&#8221;relative&#8221; advanced_gradient_angle=&#8221;180&#8243; width=&#8221;1\/4&#8243; tablet_width_inherit=&#8221;default&#8221; animation_type=&#8221;default&#8221; bg_image_animation=&#8221;none&#8221; border_type=&#8221;simple&#8221; column_border_width=&#8221;none&#8221; column_border_style=&#8221;solid&#8221; gradient_type=&#8221;advanced&#8221; advanced_gradient_display_type=&#8221;linear&#8221; column_padding_type=&#8221;advanced&#8221;][vc_column_text css_animation=&#8221;slideInRight&#8221; css=&#8221;&#8221; text_direction=&#8221;default&#8221;]\n<h2><em>MYCO&#8217;<br \/>\n<\/em><em>EVALUATOR<\/em><\/h2>\n[\/vc_column_text][divider line_type=&#8221;No Line&#8221; custom_height=&#8221;50&#8243;][vc_column_text css=&#8221;&#8221; text_direction=&#8221;default&#8221;]\n<h4 data-ccp-props=\"{\"335551550\":1,\"335551620\":1,\"335559683\":0,\"335559685\":0,\"335559731\":0,\"335559737\":0,\"335562764\":2,\"335562765\":1,\"335562766\":4,\"335562767\":0,\"335562768\":4,\"335562769\":0}\">  \u0110\u00e1nh gi\u00e1 nguy c\u01a1 nhi\u1ec5m \u0111\u1ed9c t\u1ed1 n\u1ea5m m\u1ed1c c\u1ee7a m\u1ed9t trang tr\u1ea1i.<\/h4>\n[\/vc_column_text][\/vc_column][\/vc_row][vc_row type=&#8221;in_container&#8221; full_screen_row_position=&#8221;middle&#8221; column_margin=&#8221;default&#8221; column_direction=&#8221;default&#8221; column_direction_tablet=&#8221;default&#8221; column_direction_phone=&#8221;default&#8221; scene_position=&#8221;center&#8221; text_color=&#8221;dark&#8221; text_align=&#8221;left&#8221; row_border_radius=&#8221;none&#8221; row_border_radius_applies=&#8221;bg&#8221; overflow=&#8221;visible&#8221; overlay_strength=&#8221;0.3&#8243; gradient_direction=&#8221;left_to_right&#8221; shape_divider_position=&#8221;bottom&#8221; bg_image_animation=&#8221;none&#8221;][vc_column column_padding=&#8221;no-extra-padding&#8221; column_padding_tablet=&#8221;inherit&#8221; column_padding_phone=&#8221;inherit&#8221; column_padding_position=&#8221;all&#8221; column_element_direction_desktop=&#8221;default&#8221; column_element_spacing=&#8221;default&#8221; desktop_text_alignment=&#8221;default&#8221; tablet_text_alignment=&#8221;default&#8221; phone_text_alignment=&#8221;default&#8221; background_color_opacity=&#8221;1&#8243; background_hover_color_opacity=&#8221;1&#8243; column_backdrop_filter=&#8221;none&#8221; column_shadow=&#8221;none&#8221; column_border_radius=&#8221;none&#8221; column_link_target=&#8221;_self&#8221; column_position=&#8221;default&#8221; gradient_direction=&#8221;left_to_right&#8221; overlay_strength=&#8221;0.3&#8243; width=&#8221;1\/1&#8243; tablet_width_inherit=&#8221;default&#8221; animation_type=&#8221;default&#8221; bg_image_animation=&#8221;none&#8221; border_type=&#8221;simple&#8221; column_border_width=&#8221;none&#8221; column_border_style=&#8221;solid&#8221;][divider line_type=&#8221;No Line&#8221; custom_height=&#8221;50&#8243;][\/vc_column][\/vc_row][vc_row type=&#8221;in_container&#8221; full_screen_row_position=&#8221;middle&#8221; column_margin=&#8221;default&#8221; column_direction=&#8221;default&#8221; column_direction_tablet=&#8221;default&#8221; column_direction_phone=&#8221;default&#8221; scene_position=&#8221;center&#8221; text_color=&#8221;dark&#8221; text_align=&#8221;left&#8221; row_border_radius=&#8221;none&#8221; row_border_radius_applies=&#8221;bg&#8221; overflow=&#8221;visible&#8221; overlay_strength=&#8221;0.3&#8243; gradient_direction=&#8221;left_to_right&#8221; shape_divider_position=&#8221;bottom&#8221; bg_image_animation=&#8221;none&#8221;][vc_column column_padding=&#8221;no-extra-padding&#8221; column_padding_tablet=&#8221;inherit&#8221; column_padding_phone=&#8221;inherit&#8221; column_padding_position=&#8221;all&#8221; column_element_direction_desktop=&#8221;default&#8221; column_element_spacing=&#8221;default&#8221; desktop_text_alignment=&#8221;default&#8221; tablet_text_alignment=&#8221;default&#8221; phone_text_alignment=&#8221;default&#8221; background_color_opacity=&#8221;1&#8243; background_hover_color_opacity=&#8221;1&#8243; column_backdrop_filter=&#8221;none&#8221; column_shadow=&#8221;none&#8221; column_border_radius=&#8221;none&#8221; column_link_target=&#8221;_self&#8221; column_position=&#8221;default&#8221; gradient_direction=&#8221;left_to_right&#8221; overlay_strength=&#8221;0.3&#8243; width=&#8221;1\/1&#8243; tablet_width_inherit=&#8221;default&#8221; animation_type=&#8221;default&#8221; bg_image_animation=&#8221;none&#8221; border_type=&#8221;simple&#8221; column_border_width=&#8221;none&#8221; column_border_style=&#8221;solid&#8221;][vc_column_text css=&#8221;&#8221; text_direction=&#8221;default&#8221;]\n<h2>Ch\u1ecdn lo\u00e0i<\/h2>\n[\/vc_column_text][\/vc_column][\/vc_row][vc_row type=&#8221;in_container&#8221; full_screen_row_position=&#8221;middle&#8221; column_margin=&#8221;default&#8221; column_direction=&#8221;default&#8221; column_direction_tablet=&#8221;default&#8221; column_direction_phone=&#8221;default&#8221; scene_position=&#8221;center&#8221; text_color=&#8221;dark&#8221; text_align=&#8221;left&#8221; row_border_radius=&#8221;none&#8221; row_border_radius_applies=&#8221;bg&#8221; overflow=&#8221;visible&#8221; overlay_strength=&#8221;0.3&#8243; gradient_direction=&#8221;left_to_right&#8221; shape_divider_position=&#8221;bottom&#8221; bg_image_animation=&#8221;none&#8221;][vc_column column_padding=&#8221;no-extra-padding&#8221; column_padding_tablet=&#8221;inherit&#8221; column_padding_phone=&#8221;inherit&#8221; column_padding_position=&#8221;all&#8221; column_element_direction_desktop=&#8221;default&#8221; column_element_spacing=&#8221;default&#8221; desktop_text_alignment=&#8221;default&#8221; tablet_text_alignment=&#8221;default&#8221; phone_text_alignment=&#8221;default&#8221; background_color_opacity=&#8221;1&#8243; background_hover_color_opacity=&#8221;1&#8243; column_backdrop_filter=&#8221;none&#8221; column_shadow=&#8221;none&#8221; column_border_radius=&#8221;none&#8221; column_link_target=&#8221;_self&#8221; column_position=&#8221;default&#8221; gradient_direction=&#8221;left_to_right&#8221; overlay_strength=&#8221;0.3&#8243; width=&#8221;1\/1&#8243; tablet_width_inherit=&#8221;default&#8221; animation_type=&#8221;default&#8221; bg_image_animation=&#8221;none&#8221; border_type=&#8221;simple&#8221; column_border_width=&#8221;none&#8221; column_border_style=&#8221;solid&#8221;][divider line_type=&#8221;Full Width Line&#8221; line_thickness=&#8221;4&#8243; divider_color=&#8221;accent-color&#8221;][\/vc_column][\/vc_row][vc_row type=&#8221;in_container&#8221; full_screen_row_position=&#8221;middle&#8221; column_margin=&#8221;10px&#8221; equal_height=&#8221;yes&#8221; content_placement=&#8221;middle&#8221; column_direction=&#8221;default&#8221; column_direction_tablet=&#8221;default&#8221; column_direction_phone=&#8221;default&#8221; scene_position=&#8221;center&#8221; text_color=&#8221;dark&#8221; text_align=&#8221;left&#8221; row_border_radius=&#8221;none&#8221; row_border_radius_applies=&#8221;bg&#8221; overflow=&#8221;visible&#8221; overlay_strength=&#8221;0.3&#8243; gradient_direction=&#8221;left_to_right&#8221; shape_divider_position=&#8221;bottom&#8221; bg_image_animation=&#8221;none&#8221; gradient_type=&#8221;default&#8221; shape_type=&#8221;&#8221;][vc_column top_padding_desktop=&#8221;0&#8243; bottom_padding_desktop=&#8221;0&#8243; left_padding_desktop=&#8221;0&#8243; right_padding_desktop=&#8221;0&#8243; column_element_direction_desktop=&#8221;default&#8221; column_element_spacing=&#8221;default&#8221; centered_text=&#8221;true&#8221; desktop_text_alignment=&#8221;center&#8221; tablet_text_alignment=&#8221;default&#8221; phone_text_alignment=&#8221;default&#8221; background_color_opacity=&#8221;1&#8243; background_hover_color_opacity=&#8221;1&#8243; column_backdrop_filter=&#8221;none&#8221; font_color=&#8221;#ffffff&#8221; column_shadow=&#8221;small_depth&#8221; column_border_radius=&#8221;none&#8221; column_link_target=&#8221;_self&#8221; column_position=&#8221;default&#8221; color_overlay=&#8221;#c278c9&#8243; gradient_direction=&#8221;left_to_right&#8221; overlay_strength=&#8221;0.3&#8243; width=&#8221;1\/3&#8243; tablet_width_inherit=&#8221;default&#8221; animation_type=&#8221;default&#8221; bg_image_animation=&#8221;none&#8221; border_type=&#8221;simple&#8221; column_border_width=&#8221;none&#8221; column_border_style=&#8221;solid&#8221; column_padding_type=&#8221;advanced&#8221; gradient_type=&#8221;default&#8221; column_link=&#8221;evaluator_cow&#8221;][fancy_box box_style=&#8221;parallax_hover&#8221; icon_family=&#8221;none&#8221; image_url=&#8221;14523&#8243; parallax_hover_box_alignment=&#8221;middle&#8221; parallax_hover_box_overlay=&#8221;#912477&#8243; parallax_hover_box_overlay_opacity=&#8221;0.6&#8243; parallax_hover_box_overlay_opacity_hover=&#8221;0.2&#8243; border_radius=&#8221;10px&#8221; image_loading=&#8221;lazy-load&#8221; color_scheme=&#8221;dark&#8221; secondary_content=&#8221;here&#8217;s some awesome text that would only be shown on hover&#8221; link_url=&#8221;evaluator_cow&#8221;]\n<p style=\"text-align: center;\"><img loading=\"lazy\" decoding=\"async\" class=\"aligncenter wp-image-13342 size-thumbnail\" src=\"http:\/\/mycokingdom.ovh\/wp-content\/uploads\/2024\/07\/cow_white-2-150x150.png\" alt=\"\" width=\"150\" height=\"150\" srcset=\"https:\/\/mycokingdom.net\/wp-content\/uploads\/2024\/07\/cow_white-2-150x150.png 150w, https:\/\/mycokingdom.net\/wp-content\/uploads\/2024\/07\/cow_white-2-300x300.png 300w, https:\/\/mycokingdom.net\/wp-content\/uploads\/2024\/07\/cow_white-2-1024x1024.png 1024w, https:\/\/mycokingdom.net\/wp-content\/uploads\/2024\/07\/cow_white-2-768x768.png 768w, https:\/\/mycokingdom.net\/wp-content\/uploads\/2024\/07\/cow_white-2-1536x1536.png 1536w, https:\/\/mycokingdom.net\/wp-content\/uploads\/2024\/07\/cow_white-2-2048x2048.png 2048w, https:\/\/mycokingdom.net\/wp-content\/uploads\/2024\/07\/cow_white-2-140x140.png 140w, https:\/\/mycokingdom.net\/wp-content\/uploads\/2024\/07\/cow_white-2-100x100.png 100w, https:\/\/mycokingdom.net\/wp-content\/uploads\/2024\/07\/cow_white-2-500x500.png 500w, https:\/\/mycokingdom.net\/wp-content\/uploads\/2024\/07\/cow_white-2-350x350.png 350w, https:\/\/mycokingdom.net\/wp-content\/uploads\/2024\/07\/cow_white-2-1000x1000.png 1000w, https:\/\/mycokingdom.net\/wp-content\/uploads\/2024\/07\/cow_white-2-800x800.png 800w\" sizes=\"auto, (max-width: 150px) 100vw, 150px\" \/><\/p>\n<h3 style=\"text-align: center;\">B\u00f2 s\u1eefa<\/h3>\n[\/fancy_box][\/vc_column][vc_column column_element_direction_desktop=&#8221;default&#8221; column_element_spacing=&#8221;default&#8221; centered_text=&#8221;true&#8221; desktop_text_alignment=&#8221;center&#8221; tablet_text_alignment=&#8221;default&#8221; phone_text_alignment=&#8221;default&#8221; background_color_opacity=&#8221;1&#8243; background_hover_color_opacity=&#8221;1&#8243; column_backdrop_filter=&#8221;none&#8221; font_color=&#8221;#ffffff&#8221; column_shadow=&#8221;small_depth&#8221; column_border_radius=&#8221;none&#8221; column_link_target=&#8221;_self&#8221; column_position=&#8221;default&#8221; color_overlay=&#8221;#c278c9&#8243; gradient_direction=&#8221;left_to_right&#8221; overlay_strength=&#8221;0.3&#8243; width=&#8221;1\/3&#8243; tablet_width_inherit=&#8221;default&#8221; animation_type=&#8221;default&#8221; bg_image_animation=&#8221;none&#8221; border_type=&#8221;simple&#8221; column_border_width=&#8221;none&#8221; column_border_style=&#8221;solid&#8221; column_padding_type=&#8221;advanced&#8221; gradient_type=&#8221;default&#8221; column_link=&#8221;evaluator-chicken&#8221;][fancy_box box_style=&#8221;parallax_hover&#8221; icon_family=&#8221;none&#8221; image_url=&#8221;14531&#8243; parallax_hover_box_alignment=&#8221;middle&#8221; parallax_hover_box_overlay=&#8221;#912477&#8243; parallax_hover_box_overlay_opacity=&#8221;0.6&#8243; parallax_hover_box_overlay_opacity_hover=&#8221;0.2&#8243; border_radius=&#8221;default&#8221; image_loading=&#8221;lazy-load&#8221; color_scheme=&#8221;dark&#8221; secondary_content=&#8221;here&#8217;s some awesome text that would only be shown on hover&#8221; link_url=&#8221;ng\u01b0\u1eddi \u0111\u00e1nh gi\u00e1-g\u00e0&#8221;]\n<p style=\"text-align: center;\"><img loading=\"lazy\" decoding=\"async\" class=\"aligncenter wp-image-13333 size-thumbnail\" src=\"http:\/\/mycokingdom.ovh\/wp-content\/uploads\/2024\/07\/chicken_white-150x150.png\" alt=\"\" width=\"150\" height=\"150\" srcset=\"https:\/\/mycokingdom.net\/wp-content\/uploads\/2024\/07\/chicken_white-150x150.png 150w, https:\/\/mycokingdom.net\/wp-content\/uploads\/2024\/07\/chicken_white-300x300.png 300w, https:\/\/mycokingdom.net\/wp-content\/uploads\/2024\/07\/chicken_white-1024x1024.png 1024w, https:\/\/mycokingdom.net\/wp-content\/uploads\/2024\/07\/chicken_white-768x768.png 768w, https:\/\/mycokingdom.net\/wp-content\/uploads\/2024\/07\/chicken_white-1536x1536.png 1536w, https:\/\/mycokingdom.net\/wp-content\/uploads\/2024\/07\/chicken_white-2048x2048.png 2048w, https:\/\/mycokingdom.net\/wp-content\/uploads\/2024\/07\/chicken_white-140x140.png 140w, https:\/\/mycokingdom.net\/wp-content\/uploads\/2024\/07\/chicken_white-100x100.png 100w, https:\/\/mycokingdom.net\/wp-content\/uploads\/2024\/07\/chicken_white-500x500.png 500w, https:\/\/mycokingdom.net\/wp-content\/uploads\/2024\/07\/chicken_white-350x350.png 350w, https:\/\/mycokingdom.net\/wp-content\/uploads\/2024\/07\/chicken_white-1000x1000.png 1000w, https:\/\/mycokingdom.net\/wp-content\/uploads\/2024\/07\/chicken_white-800x800.png 800w\" sizes=\"auto, (max-width: 150px) 100vw, 150px\" \/><\/p>\n<h3 style=\"text-align: center;\">gia c\u1ea7m<\/h3>\n[\/fancy_box][\/vc_column][vc_column column_element_direction_desktop=&#8221;default&#8221; column_element_spacing=&#8221;default&#8221; centered_text=&#8221;true&#8221; desktop_text_alignment=&#8221;center&#8221; tablet_text_alignment=&#8221;default&#8221; phone_text_alignment=&#8221;default&#8221; background_color_opacity=&#8221;1&#8243; background_hover_color_opacity=&#8221;1&#8243; column_backdrop_filter=&#8221;none&#8221; font_color=&#8221;#ffffff&#8221; column_shadow=&#8221;small_depth&#8221; column_border_radius=&#8221;none&#8221; column_link_target=&#8221;_self&#8221; column_position=&#8221;default&#8221; color_overlay=&#8221;#c278c9&#8243; gradient_direction=&#8221;left_to_right&#8221; overlay_strength=&#8221;0.3&#8243; width=&#8221;1\/3&#8243; tablet_width_inherit=&#8221;default&#8221; animation_type=&#8221;default&#8221; bg_image_animation=&#8221;none&#8221; border_type=&#8221;simple&#8221; column_border_width=&#8221;none&#8221; column_border_style=&#8221;solid&#8221; column_padding_type=&#8221;advanced&#8221; gradient_type=&#8221;default&#8221; column_link=&#8221;evaluator_pig&#8221;][fancy_box box_style=&#8221;parallax_hover&#8221; icon_family=&#8221;none&#8221; image_url=&#8221;14536&#8243; parallax_hover_box_alignment=&#8221;middle&#8221; parallax_hover_box_overlay=&#8221;#912477&#8243; parallax_hover_box_overlay_opacity=&#8221;0.6&#8243; parallax_hover_box_overlay_opacity_hover=&#8221;0.2&#8243; border_radius=&#8221;default&#8221; image_loading=&#8221;lazy-load&#8221; color_scheme=&#8221;dark&#8221; secondary_content=&#8221;here&#8217;s some awesome text that would only be shown on hover&#8221; link_url=&#8221;evaluator_pig&#8221;]\n<p style=\"text-align: center;\"><img loading=\"lazy\" decoding=\"async\" class=\"aligncenter wp-image-13336 size-thumbnail\" src=\"http:\/\/mycokingdom.ovh\/wp-content\/uploads\/2024\/07\/pig_white-150x150.png\" alt=\"\" width=\"150\" height=\"150\" srcset=\"https:\/\/mycokingdom.net\/wp-content\/uploads\/2024\/07\/pig_white-150x150.png 150w, https:\/\/mycokingdom.net\/wp-content\/uploads\/2024\/07\/pig_white-300x300.png 300w, https:\/\/mycokingdom.net\/wp-content\/uploads\/2024\/07\/pig_white-1024x1024.png 1024w, https:\/\/mycokingdom.net\/wp-content\/uploads\/2024\/07\/pig_white-768x768.png 768w, https:\/\/mycokingdom.net\/wp-content\/uploads\/2024\/07\/pig_white-1536x1536.png 1536w, https:\/\/mycokingdom.net\/wp-content\/uploads\/2024\/07\/pig_white-2048x2048.png 2048w, https:\/\/mycokingdom.net\/wp-content\/uploads\/2024\/07\/pig_white-140x140.png 140w, https:\/\/mycokingdom.net\/wp-content\/uploads\/2024\/07\/pig_white-100x100.png 100w, https:\/\/mycokingdom.net\/wp-content\/uploads\/2024\/07\/pig_white-500x500.png 500w, https:\/\/mycokingdom.net\/wp-content\/uploads\/2024\/07\/pig_white-350x350.png 350w, https:\/\/mycokingdom.net\/wp-content\/uploads\/2024\/07\/pig_white-1000x1000.png 1000w, https:\/\/mycokingdom.net\/wp-content\/uploads\/2024\/07\/pig_white-800x800.png 800w\" sizes=\"auto, (max-width: 150px) 100vw, 150px\" \/><\/p>\n<h3 style=\"text-align: center;\">l\u1ee3n<\/h3>\n[\/fancy_box][\/vc_column][\/vc_row]\n","protected":false},"excerpt":{"rendered":"<p>[vc_row type=&#8221;in_container&#8221; full_screen_row_position=&#8221;middle&#8221; column_margin=&#8221;none&#8221; equal_height=&#8221;yes&#8221; content_placement=&#8221;middle&#8221; column_direction=&#8221;default&#8221; column_direction_tablet=&#8221;default&#8221; column_direction_phone=&#8221;default&#8221; scene_position=&#8221;center&#8221; top_padding=&#8221;0&#8243; bottom_padding=&#8221;0&#8243; left_padding_tablet=&#8221;100&#8243; right_padding_tablet=&#8221;100&#8243; left_padding_phone=&#8221;0&#8243; right_padding_phone=&#8221;0&#8243; text_color=&#8221;dark&#8221; text_align=&#8221;left&#8221; row_border_radius=&#8221;none&#8221; row_border_radius_applies=&#8221;bg&#8221; overflow=&#8221;hidden&#8221; overlay_strength=&#8221;0.3&#8243; gradient_direction=&#8221;left_to_right&#8221; shape_divider_position=&#8221;bottom&#8221; bg_image_animation=&#8221;none&#8221; gradient_type=&#8221;default&#8221; shape_type=&#8221;&#8221;][vc_column constrain_group_101=&#8221;yes&#8221; column_element_direction_desktop=&#8221;default&#8221; column_element_spacing=&#8221;default&#8221;&#8230;<\/p>\n","protected":false},"author":1,"featured_media":0,"parent":0,"menu_order":0,"comment_status":"closed","ping_status":"closed","template":"","meta":{"footnotes":""},"class_list":["post-15646","page","type-page","status-publish"],"_links":{"self":[{"href":"https:\/\/mycokingdom.net\/vi\/wp-json\/wp\/v2\/pages\/15646","targetHints":{"allow":["GET"]}}],"collection":[{"href":"https:\/\/mycokingdom.net\/vi\/wp-json\/wp\/v2\/pages"}],"about":[{"href":"https:\/\/mycokingdom.net\/vi\/wp-json\/wp\/v2\/types\/page"}],"author":[{"embeddable":true,"href":"https:\/\/mycokingdom.net\/vi\/wp-json\/wp\/v2\/users\/1"}],"replies":[{"embeddable":true,"href":"https:\/\/mycokingdom.net\/vi\/wp-json\/wp\/v2\/comments?post=15646"}],"version-history":[{"count":4,"href":"https:\/\/mycokingdom.net\/vi\/wp-json\/wp\/v2\/pages\/15646\/revisions"}],"predecessor-version":[{"id":16034,"href":"https:\/\/mycokingdom.net\/vi\/wp-json\/wp\/v2\/pages\/15646\/revisions\/16034"}],"wp:attachment":[{"href":"https:\/\/mycokingdom.net\/vi\/wp-json\/wp\/v2\/media?parent=15646"}],"curies":[{"name":"wp","href":"https:\/\/api.w.org\/{rel}","templated":true}]}}